{"id":55,"date":"2026-03-19T18:30:04","date_gmt":"2026-03-19T18:30:04","guid":{"rendered":"https:\/\/www.fundacjamartyrobin.pl\/?page_id=55"},"modified":"2026-03-20T11:52:08","modified_gmt":"2026-03-20T11:52:08","slug":"misja-fundacji","status":"publish","type":"page","link":"https:\/\/www.fundacjamartyrobin.pl\/index.php\/misja-fundacji\/","title":{"rendered":"Misja fundacji"},"content":{"rendered":"\n<p>Chrze\u015bcija\u0144ska Fundacja imienia Marty Robin powsta\u0142a we wrze\u015bniu 2023 roku.<\/p>\n\n\n\n<p>W dzia\u0142alno\u015bci Fundacji szczeg\u00f3lne miejsce zajmuje pomoc rodzinom potrzebuj\u0105cym wsparcia w r\u00f3\u017cnych dziedzinach \u017cycia \u2013 od podstawowej pomocy materialnej, przez towarzyszenie w trudnych sytuacjach \u017cyciowych, a\u017c po wspieranie rozwoju artystycznego i duchowego.<\/p>\n\n\n\n<p>Cho\u0107 dzia\u0142ania Fundacji inspirowane s\u0105 pragnieniem krzewienia wiary oraz warto\u015bci chrze\u015bcija\u0144skich zgodnych z nauk\u0105 Ewangelii i Ko\u015bcio\u0142a Katolickiego, to jednocze\u015bnie pozostaje ona otwarta na pomoc osobom innych wyzna\u0144.<\/p>\n\n\n\n<p>Idea powo\u0142ania Fundacji dojrzewa\u0142a podczas spotka\u0144 os\u00f3b \u015bwieckich przy karmelita\u0144skim Klasztorze Opatrzno\u015bci Bo\u017cej i Niepokalanego Serca Maryi w Nowych Osinach ko\u0142o Mi\u0144ska Mazowieckiego.<\/p>\n\n\n\n<p>Fundatorzy, ustanawiaj\u0105c Fundacj\u0119, zawierzyli si\u0119 Niepokalanemu Sercu Maryi oraz Przeczystemu Sercu \u015bwi\u0119tego J\u00f3zefa, a za wz\u00f3r obrali Mart\u0119 Robin \u2013 osob\u0119 b\u0119d\u0105c\u0105 \u017cywym \u015bwiadectwem cudu Eucharystii.<\/p>\n\n\n\n<p>W\u015br\u00f3d dotychczasowych dzia\u0142a\u0144 Fundacji mo\u017cna wymieni\u0107 m.in.: organizacj\u0119 paczek \u015bwi\u0105tecznych dla os\u00f3b potrzebuj\u0105cych, organizacj\u0119 warsztat\u00f3w rodzinnych we wsp\u00f3\u0142pracy z Muzeum Ziemi Mi\u0144skiej, cykliczne spotkania os\u00f3b \u015bwieckich przy klasztorze karmelita\u0144skim w Nowych Osinach, wsparcie turniej\u00f3w pi\u0142karskich dla dzieci i m\u0142odzie\u017cy oraz pomoc w organizacji amatorskich festiwali teatralnych przy Wy\u017cszym Seminarium Duchownym Diecezji Warszawsko-Praskiej.<\/p>\n","protected":false},"excerpt":{"rendered":"<p>Chrze\u015bcija\u0144ska Fundacja imienia Marty Robin powsta\u0142a we wrze\u015bniu 2023 roku. W dzia\u0142alno\u015bci Fundacji szczeg\u00f3lne miejsce zajmuje pomoc rodzinom potrzebuj\u0105cym wsparcia w r\u00f3\u017cnych dziedzinach \u017cycia \u2013 od podstawowej pomocy materialnej, przez towarzyszenie w trudnych sytuacjach \u017cyciowych, a\u017c po wspieranie rozwoju artystycznego i duchowego. Cho\u0107 dzia\u0142ania Fundacji inspirowane s\u0105 pragnieniem krzewienia wiary oraz warto\u015bci chrze\u015bcija\u0144skich zgodnych z &hellip; <\/p>\n","protected":false},"author":1,"featured_media":0,"parent":0,"menu_order":0,"comment_status":"closed","ping_status":"closed","template":"","meta":{"footnotes":""},"class_list":["post-55","page","type-page","status-publish","hentry","grid-sizer"],"_links":{"self":[{"href":"https:\/\/www.fundacjamartyrobin.pl\/index.php\/wp-json\/wp\/v2\/pages\/55","targetHints":{"allow":["GET"]}}],"collection":[{"href":"https:\/\/www.fundacjamartyrobin.pl\/index.php\/wp-json\/wp\/v2\/pages"}],"about":[{"href":"https:\/\/www.fundacjamartyrobin.pl\/index.php\/wp-json\/wp\/v2\/types\/page"}],"author":[{"embeddable":true,"href":"https:\/\/www.fundacjamartyrobin.pl\/index.php\/wp-json\/wp\/v2\/users\/1"}],"replies":[{"embeddable":true,"href":"https:\/\/www.fundacjamartyrobin.pl\/index.php\/wp-json\/wp\/v2\/comments?post=55"}],"version-history":[{"count":3,"href":"https:\/\/www.fundacjamartyrobin.pl\/index.php\/wp-json\/wp\/v2\/pages\/55\/revisions"}],"predecessor-version":[{"id":219,"href":"https:\/\/www.fundacjamartyrobin.pl\/index.php\/wp-json\/wp\/v2\/pages\/55\/revisions\/219"}],"wp:attachment":[{"href":"https:\/\/www.fundacjamartyrobin.pl\/index.php\/wp-json\/wp\/v2\/media?parent=55"}],"curies":[{"name":"wp","href":"https:\/\/api.w.org\/{rel}","templated":true}]}}